{"id":571,"date":"2019-05-13T12:56:49","date_gmt":"2019-05-13T12:56:49","guid":{"rendered":"http:\/\/elemix.pixel-show.com\/?post_type=product&#038;p=571"},"modified":"2021-10-24T20:31:33","modified_gmt":"2021-10-24T13:31:33","slug":"printed-dress","status":"publish","type":"product","link":"https:\/\/adat-maycatgiay.vn\/?product=printed-dress","title":{"rendered":"M\u00e1y \u0110\u00f3ng ghim Nh\u1eadt MARUYAMA"},"content":{"rendered":"<blockquote><p><strong>Chi ti\u1ebft \/ Th\u00f4ng s\u1ed1 k\u1ef9 thu\u1eadt \/ K\u00edch th\u01b0\u1edbc (M\u00f4 t\u1ea3)<\/strong><\/p><\/blockquote>\n<p>N\u00f3 l\u00e0 m\u1ed9t m\u00e1y bu\u1ed9c d\u00e2y \u0111\u01b0\u1ee3c s\u1ea3n xu\u1ea5t b\u1edfi Maruyama Mfg. Co., Ltd.<\/p>\n<p>M\u1ed9t chi\u1ebfc kim b\u1ea5m m\u1ea1nh m\u1ebd \u0111\u1ec3 s\u1eed d\u1ee5ng trong c\u00f4ng vi\u1ec7c c\u00f3 th\u1ec3 \u0111\u01b0\u1ee3c ghim ngay c\u1ea3 v\u1edbi nh\u1eefng b\u00f3 gi\u1ea5y d\u00e0y.<\/p>\n<p>S\u1ea3n ph\u1ea9m th\u1ef1c t\u1ebf \u0111\u00e3 \u0111\u01b0\u1ee3c \u0111\u1ea1i tu v\u00e0o kho\u1ea3ng th\u00e1ng 4 n\u0103m 2019.<\/p>\n<p>-M\u00e1y kh\u00e2u \u0111i\u1ec7n c\u00f3 th\u1ec3 d\u1ec5 d\u00e0ng bu\u1ed9c c\u00e1c b\u00f3 gi\u1ea5y d\u00e0y.<\/p>\n<p>B\u1ea1n c\u00f3 th\u1ec3 \u0111\u00f3ng g\u00e1y v\u1edbi \u0111\u1ed9 d\u00e0y kho\u1ea3ng 25 mm c\u00f9ng m\u1ed9t l\u00fac (* \u0110\u1ed9 d\u00e0y c\u00f3 th\u1ec3 \u0111\u01b0\u1ee3c \u0111\u00f3ng g\u00e1y thay \u0111\u1ed5i m\u1ed9t ch\u00fat t\u00f9y thu\u1ed9c v\u00e0o ch\u1ea5t l\u01b0\u1ee3ng gi\u1ea5y).<\/p>\n<p>V\u00ec l\u00e0 lo\u1ea1i d\u00f9ng \u0111i\u1ec7n n\u00ean b\u1ea5t k\u1ef3 ai c\u0169ng c\u00f3 th\u1ec3 d\u1ec5 d\u00e0ng bu\u1ed9c m\u1ed9t x\u1ea5p gi\u1ea5y d\u00e0y m\u00e0 kh\u00f4ng c\u1ea7n d\u00f9ng l\u1ef1c.<\/p>\n<p>Ngo\u00e0i vi\u1ec7c x\u1eed l\u00fd c\u00e1c l\u00f4 nh\u1ecf t\u1ea1i c\u00e1c \u0111i\u1ec3m \u0111\u00f3ng s\u00e1ch r\u1ea5t ti\u1ec7n l\u1ee3i v\u00ec c\u00f3 th\u1ec3 x\u1eed l\u00fd kh\u00f4ng c\u1ea7n \u00e9p bu\u1ed9c \u0111\u1ed1i v\u1edbi c\u00f4ng vi\u1ec7c \u0111\u00f3ng g\u00e1y t\u00e0i li\u1ec7u trong v\u0103n ph\u00f2ng, tr\u01b0\u1eddng h\u1ecdc.<\/p>\n<p>-V\u00ec n\u00f3 l\u00e0 m\u1ed9t ho\u1ea1t \u0111\u1ed9ng chuy\u1ec3n \u0111\u1ed5i ch\u00e2n, n\u00f3 r\u1ea5t d\u1ec5 d\u00e0ng \u0111\u1ec3 l\u00e0m vi\u1ec7c.<\/p>\n<p>\u0110\u00e2y l\u00e0 m\u1ed9t thao t\u00e1c chuy\u1ec3n \u0111\u1ed5i ch\u00e2n cho ph\u00e9p b\u1ea1n l\u00e0m vi\u1ec7c trong khi c\u1ea7m m\u1ed9t b\u00f3 gi\u1ea5y b\u1eb1ng c\u1ea3 hai tay.<\/p>\n<p>B\u1ea1n c\u00f3 th\u1ec3 l\u00e0m vi\u1ec7c hi\u1ec7u qu\u1ea3 v\u00ec b\u1ea1n c\u00f3 th\u1ec3 x\u1eed l\u00fd c\u00e1c b\u00f3 gi\u1ea5y c\u1ed3ng k\u1ec1nh b\u1eb1ng c\u1ea3 hai tay.<\/p>\n<p>&nbsp;<\/p>\n<p>&nbsp;<\/p>\n<blockquote><p><strong>\u25c6 Th\u00f4ng s\u1ed1 k\u1ef9 thu\u1eadt<\/strong><\/p><\/blockquote>\n<p><strong>M\u00f4 h\u00ecnh<\/strong>: Kh\u00f4ng x\u00e1c \u0111\u1ecbnh (kh\u00f4ng \u0111\u01b0\u1ee3c li\u1ec7t k\u00ea)<\/p>\n<p><strong>S\u1ed1 \u0111\u1ea7u<\/strong>: 1<\/p>\n<p><strong>\u0110\u1ed9 d\u00e0y \u0111\u00f3ng g\u00e1y t\u1ed1i \u0111a<\/strong>: Kho\u1ea3ng 25 mm (thay \u0111\u1ed5i t\u00f9y thu\u1ed9c v\u00e0o ch\u1ea5t l\u01b0\u1ee3ng gi\u1ea5y)<\/p>\n<p><strong>K\u00edch th\u01b0\u1edbc d\u00e2y \u00e1p d\u1ee5ng<\/strong>: 1mm<\/p>\n<p><strong>K\u00edch th\u01b0\u1edbc b\u00e0n<\/strong>: 540 x 210 mm (* chi\u1ec1u s\u00e2u hi\u1ec7u d\u1ee5ng 175 mm)<\/p>\n<p><strong>Ngu\u1ed3n \u0111i\u1ec7n<\/strong>: 100V<\/p>\n<p><strong>K\u00edch th\u01b0\u1edbc m\u00e1y (\u01b0\u1edbc ch\u1eebng)<\/strong>: 590 x 780 x 1600 mm (WDH)<\/p>\n<p><strong>C\u00e2n n\u1eb7ng<\/strong>: 272 kg<\/p>\n<p>&nbsp;<\/p>\n","protected":false},"excerpt":{"rendered":"<p><strong>M\u00e1y \u0110\u00f3ng ghim Nh\u1eadt MARUYAMA\u00a0<\/strong><\/p>\n<ul>\n<li><em>Danh m\u1ee5c<\/em>:\u00a0 M\u00e1y m\u00f3c \/ B\u1ed9 ph\u1eadn<\/li>\n<li><em>Tr\u1ea1ng th\u00e1i \u0111i\u1ec1u ch\u1ec9nh \/ h\u01b0\u1edbng d\u1eabn v\u1eadn chuy\u1ec3n<\/em>: L\u00e0m s\u1ea1ch \/ ki\u1ec3m tra \/ \u0111i\u1ec1u ch\u1ec9nh \u0111\u00e3 ho\u00e0n th\u00e0nh [h\u01b0\u1edbng d\u1eabn v\u1eadn chuy\u1ec3n t\u1eeb 1 \u0111\u1ebfn 5 ng\u00e0y]<\/li>\n<li><em>H\u00ecnh th\u1ee9c b\u00e1n h\u00e0ng:<\/em> B\u00e1n h\u00e0ng t\u1ea1i c\u00f4ng ty<\/li>\n<li><em>\u0110\u1ecba \u0111i\u1ec3m l\u01b0u tr\u1eef:<\/em> Qu\u1eadn 12, An Ph\u00fa \u0110\u00f4ng<\/li>\n<li><em>Nh\u00e0 s\u1ea3n xu\u1ea5t:<\/em> Maruyama Mfg. Co., Ltd.<\/li>\n<li><em>N\u0103m:<\/em> kho\u1ea3ng th\u00e1ng 4 n\u0103m 2019<\/li>\n<li><em>T\u00e0i li\u1ec7u h\u01b0\u1edbng d\u1eabn s\u1eed d\u1ee5ng ho\u1eb7c t\u00e0i li\u1ec7u tham kh\u1ea3o (t\u00e0i li\u1ec7u \u0111\u00e3 qua s\u1eed d\u1ee5ng):<\/em> Kh\u00f4ng c\u00f3<\/li>\n<\/ul>\n<p>L\u01b0u \u00fd \u0111\u1eb7c bi\u1ec7t: T\u1ea5t c\u1ea3 ch\u00fang \u0111\u1ec1u \u0111\u01b0\u1ee3c hi\u1ec3n th\u1ecb trong \u1ea3nh. Vui l\u00f2ng ki\u1ec3m tra t\u00ecnh tr\u1ea1ng trong \u1ea3nh.<\/p>\n","protected":false},"featured_media":4720,"comment_status":"open","ping_status":"closed","template":"","meta":[],"product_cat":[15],"product_tag":[],"class_list":{"0":"post-571","1":"product","2":"type-product","3":"status-publish","4":"has-post-thumbnail","6":"product_cat-uncategorized","8":"first","9":"outofstock","10":"shipping-taxable","11":"product-type-simple"},"_links":{"self":[{"href":"https:\/\/adat-maycatgiay.vn\/index.php?rest_route=\/wp\/v2\/product\/571","targetHints":{"allow":["GET"]}}],"collection":[{"href":"https:\/\/adat-maycatgiay.vn\/index.php?rest_route=\/wp\/v2\/product"}],"about":[{"href":"https:\/\/adat-maycatgiay.vn\/index.php?rest_route=\/wp\/v2\/types\/product"}],"replies":[{"embeddable":true,"href":"https:\/\/adat-maycatgiay.vn\/index.php?rest_route=%2Fwp%2Fv2%2Fcomments&post=571"}],"version-history":[{"count":7,"href":"https:\/\/adat-maycatgiay.vn\/index.php?rest_route=\/wp\/v2\/product\/571\/revisions"}],"predecessor-version":[{"id":4809,"href":"https:\/\/adat-maycatgiay.vn\/index.php?rest_route=\/wp\/v2\/product\/571\/revisions\/4809"}],"wp:featuredmedia":[{"embeddable":true,"href":"https:\/\/adat-maycatgiay.vn\/index.php?rest_route=\/wp\/v2\/media\/4720"}],"wp:attachment":[{"href":"https:\/\/adat-maycatgiay.vn\/index.php?rest_route=%2Fwp%2Fv2%2Fmedia&parent=571"}],"wp:term":[{"taxonomy":"product_cat","embeddable":true,"href":"https:\/\/adat-maycatgiay.vn\/index.php?rest_route=%2Fwp%2Fv2%2Fproduct_cat&post=571"},{"taxonomy":"product_tag","embeddable":true,"href":"https:\/\/adat-maycatgiay.vn\/index.php?rest_route=%2Fwp%2Fv2%2Fproduct_tag&post=571"}],"curies":[{"name":"wp","href":"https:\/\/api.w.org\/{rel}","templated":true}]}}