{"id":584,"date":"2019-05-13T14:19:47","date_gmt":"2019-05-13T14:19:47","guid":{"rendered":"http:\/\/elemix.pixel-show.com\/?post_type=product&#038;p=584"},"modified":"2021-10-26T10:41:09","modified_gmt":"2021-10-26T03:41:09","slug":"leather-sandals","status":"publish","type":"product","link":"https:\/\/adat-maycatgiay.vn\/?product=leather-sandals","title":{"rendered":"M\u00e1y c\u1eaft gi\u1ea5y Horizon APC-61"},"content":{"rendered":"<blockquote>\n<blockquote><p><strong>M\u00e1y c\u1eaft vi t\u00ednh th\u1ee7y l\u1ef1c do Horizon s\u1ea3n xu\u1ea5t<\/strong>.<\/p><\/blockquote>\n<ol>\n<li>H\u1ed7 tr\u1ee3 chi\u1ec1u r\u1ed9ng t\u1ed1i \u0111a 610 mm v\u00e0 \u0111\u1ed9 d\u00e0y t\u1ed1i \u0111a 100 mm.<\/li>\n<li>V\u00ec n\u00f3 l\u00e0 m\u1ed9t lo\u1ea1i m\u00e1y t\u00ednh, n\u00f3 c\u00f3 th\u1ec3 l\u01b0u tr\u1eef l\u00ean \u0111\u1ebfn 99 kh\u00f3a c\u00e0i \u0111\u1eb7t.<\/li>\n<\/ol>\n<ul>\n<li>Chi\u1ec1u r\u1ed9ng t\u01b0\u01a1ng th\u00edch t\u1ed1i \u0111a l\u00e0 610 mm, c\u00f3 th\u1ec3 ch\u1ee9a t\u1ea5t c\u1ea3 c\u00e1c lo\u1ea1i gi\u1ea5y.<\/li>\n<li>Chi\u1ec1u r\u1ed9ng t\u1ed1i \u0111a l\u00e0 610 mm, l\u00e0 k\u00edch th\u01b0\u1edbc c\u1ee7a t\u1ea5t c\u1ea3 c\u00e1c lo\u1ea1i gi\u1ea5y v\u00e0 \u0111\u1ed9 d\u00e0y l\u00e0 100 mm, v\u00ec v\u1eady n\u00f3 c\u00f3 th\u1ec3 \u0111\u01b0\u1ee3c s\u1eed d\u1ee5ng cho nhi\u1ec1u m\u1ee5c \u0111\u00edch kh\u00e1c nhau.<\/li>\n<li>\u30fb L\u00ean \u0111\u1ebfn 99 kh\u00f3a h\u1ecdc, t\u1ed5ng c\u1ed9ng 256 \u0111i\u1ec3m thi\u1ebft l\u1eadp b\u1ed9 nh\u1edb, h\u1ee3p l\u00fd h\u00f3a c\u00f4ng vi\u1ec7c.<\/li>\n<li>C\u00e1c c\u00e0i \u0111\u1eb7t c\u00f3 th\u1ec3 \u0111\u01b0\u1ee3c l\u01b0u tr\u1eef l\u00ean \u0111\u1ebfn 99 kh\u00f3a h\u1ecdc, l\u00ean \u0111\u1ebfn t\u1ed5ng s\u1ed1 256 \u0111i\u1ec3m.<\/li>\n<li>B\u1eb1ng c\u00e1ch ghi nh\u1edb c\u00e1c c\u00e0i \u0111\u1eb7t \u0111\u01b0\u1ee3c s\u1eed d\u1ee5ng th\u01b0\u1eddng xuy\u00ean, hi\u1ec7u qu\u1ea3 c\u00f4ng vi\u1ec7c \u0111\u01b0\u1ee3c c\u1ea3i thi\u1ec7n v\u00e0 c\u00e1c l\u1ed7i th\u1ee7 t\u1ee5c \u0111\u01b0\u1ee3c gi\u1ea3m thi\u1ec3u, gi\u00fap c\u00f4ng vi\u1ec7c d\u1ec5 d\u00e0ng h\u01a1n.<\/li>\n<\/ul>\n<p>&nbsp;<\/p>\n<p>&nbsp;<\/p>\n<blockquote><p><strong>\u25c6 Th\u00f4ng s\u1ed1 k\u1ef9 thu\u1eadt<\/strong><\/p><\/blockquote>\n<ul>\n<li><strong><em>Chi\u1ec1u r\u1ed9ng c\u1eaft t\u1ed1i \u0111a<\/em><\/strong>: 610 mm<\/li>\n<li><strong><em>\u00c1p su\u1ea5t c\u1eaft t\u1ed1i \u0111a:<\/em><\/strong> 100 mm<\/li>\n<li><strong><em>Chi\u1ec1u s\u00e2u c\u1eaft t\u1ed1i \u0111a<\/em><\/strong>: 610 mm<\/li>\n<li><strong><em>Chi\u1ec1u s\u00e2u c\u1eaft t\u1ed1i thi\u1ec3u:<\/em><\/strong> 20 mm<\/li>\n<li><strong><em>T\u1ed1c \u0111\u1ed9 c\u1eaft:<\/em><\/strong> 3,1 gi\u00e2y<\/li>\n<li><strong><em>B\u1ed9 nh\u1edb c\u1eaft:<\/em><\/strong> 99 kh\u00f3a h\u1ecdc, t\u1ed5ng c\u1ed9ng 256 \u0111i\u1ec3m<\/li>\n<li><em><strong>Dung l\u01b0\u1ee3ng l\u01b0u tr\u1eef nh\u00f4 ra:<\/strong><\/em> 256 \u0111i\u1ec3m<\/li>\n<li><strong><em>Ph\u01b0\u01a1ng th\u1ee9c nh\u1eadp b\u1ed9 nh\u1edb:<\/em><\/strong> Th\u1eed c\u1eaft b\u1ed9 nh\u1edb \/ b\u00e0n ph\u00edm s\u1ed1<\/li>\n<li><strong><em>L\u01b0\u1ee3ng nh\u00f4 ra:<\/em><\/strong> 50 mm<\/li>\n<li><em><strong>\u00c1p l\u1ef1c si\u1ebft gi\u1ea5y:<\/strong> <\/em>500 \u0111\u1ebfn 1700 kg thay \u0111\u1ed5i<\/li>\n<li><strong><em>\u0110\u1ed9ng c\u01a1 s\u1eed d\u1ee5ng:<\/em><\/strong> B\u01a1m th\u1ee7y l\u1ef1c 2,2kw, \u0111o l\u00f9i 0,2kw \/ 0,04kw<\/li>\n<li><strong><em>Ngu\u1ed3n cung c\u1ea5p:<\/em><\/strong> Ba pha 200V 50 \/ 60Hz<\/li>\n<li><strong><em>C\u00f4ng su\u1ea5t ti\u00eau th\u1ee5 \u0111\u1ecbnh m\u1ee9c:<\/em><\/strong> 1,9 \/ 2,2kw<\/li>\n<li><strong><em>K\u00edch th\u01b0\u1edbc m\u00e1y (\u01b0\u1edbc ch\u1eebng):<\/em><\/strong> 1070 x 1460 x 630 mm (WDH)<\/li>\n<li><strong><em>Tr\u1ecdng l\u01b0\u1ee3ng (\u01b0\u1edbc ch\u1eebng):<\/em><\/strong> 630kg<\/li>\n<\/ul>\n<\/blockquote>\n","protected":false},"excerpt":{"rendered":"<blockquote><p><strong>M\u00e1y c\u1eaft gi\u1ea5y Horizon APC-61<\/strong><\/p><\/blockquote>\n<ul>\n<li>Danh m\u1ee5c:\u00a0 M\u00e1y m\u00f3c \/ Ph\u1ee5 t\u00f9ng \uff1e<\/li>\n<li>T\u00ecnh tr\u1ea1ng \u0111i\u1ec1u ch\u1ec9nh \/ h\u01b0\u1edbng d\u1eabn v\u1eadn chuy\u1ec3n: C\u00f4ng vi\u1ec7c l\u00e0m s\u1ea1ch \/ ki\u1ec3m tra \/ \u0111i\u1ec1u ch\u1ec9nh l\u00e0 b\u1eaft bu\u1ed9c sau khi mua h\u00e0ng [h\u01b0\u1edbng d\u1eabn v\u1eadn chuy\u1ec3n t\u1eeb 6 \u0111\u1ebfn 50 ng\u00e0y]<\/li>\n<li>H\u00ecnh th\u1ee9c b\u00e1n h\u00e0ng: B\u00e1n h\u00e0ng t\u1ea1i c\u00f4ng ty<\/li>\n<li>\u0110\u1ecba \u0111i\u1ec3m l\u01b0u tr\u1eef: Qu\u1eadn 12, An Ph\u00fa \u0110\u00f4ng<\/li>\n<li>Nh\u00e0 s\u1ea3n xu\u1ea5t: Horizon<\/li>\n<li>T\u00e0i li\u1ec7u h\u01b0\u1edbng d\u1eabn ho\u1eb7c t\u00e0i li\u1ec7u tham kh\u1ea3o (t\u00e0i li\u1ec7u \u0111\u00e3 qua s\u1eed d\u1ee5ng): C\u00f3 (* C\u00f3 th\u1ec3 s\u1eed d\u1ee5ng c\u00e1c ki\u1ec3u m\u00e1y t\u01b0\u01a1ng t\u1ef1)<\/li>\n<\/ul>\n<p>L\u01b0u \u00fd \u0111\u1eb7c bi\u1ec7t: T\u1ea5t c\u1ea3 ch\u00fang \u0111\u1ec1u \u0111\u01b0\u1ee3c hi\u1ec3n th\u1ecb trong \u1ea3nh. Vui l\u00f2ng ki\u1ec3m tra t\u00ecnh tr\u1ea1ng trong \u1ea3nh.<\/p>\n","protected":false},"featured_media":4721,"comment_status":"open","ping_status":"closed","template":"","meta":[],"product_cat":[15],"product_tag":[],"class_list":{"0":"post-584","1":"product","2":"type-product","3":"status-publish","4":"has-post-thumbnail","6":"product_cat-uncategorized","8":"first","9":"instock","10":"shipping-taxable","11":"product-type-simple"},"_links":{"self":[{"href":"https:\/\/adat-maycatgiay.vn\/index.php?rest_route=\/wp\/v2\/product\/584","targetHints":{"allow":["GET"]}}],"collection":[{"href":"https:\/\/adat-maycatgiay.vn\/index.php?rest_route=\/wp\/v2\/product"}],"about":[{"href":"https:\/\/adat-maycatgiay.vn\/index.php?rest_route=\/wp\/v2\/types\/product"}],"replies":[{"embeddable":true,"href":"https:\/\/adat-maycatgiay.vn\/index.php?rest_route=%2Fwp%2Fv2%2Fcomments&post=584"}],"version-history":[{"count":5,"href":"https:\/\/adat-maycatgiay.vn\/index.php?rest_route=\/wp\/v2\/product\/584\/revisions"}],"predecessor-version":[{"id":4864,"href":"https:\/\/adat-maycatgiay.vn\/index.php?rest_route=\/wp\/v2\/product\/584\/revisions\/4864"}],"wp:featuredmedia":[{"embeddable":true,"href":"https:\/\/adat-maycatgiay.vn\/index.php?rest_route=\/wp\/v2\/media\/4721"}],"wp:attachment":[{"href":"https:\/\/adat-maycatgiay.vn\/index.php?rest_route=%2Fwp%2Fv2%2Fmedia&parent=584"}],"wp:term":[{"taxonomy":"product_cat","embeddable":true,"href":"https:\/\/adat-maycatgiay.vn\/index.php?rest_route=%2Fwp%2Fv2%2Fproduct_cat&post=584"},{"taxonomy":"product_tag","embeddable":true,"href":"https:\/\/adat-maycatgiay.vn\/index.php?rest_route=%2Fwp%2Fv2%2Fproduct_tag&post=584"}],"curies":[{"name":"wp","href":"https:\/\/api.w.org\/{rel}","templated":true}]}}